{"id":213,"date":"2025-06-22T21:38:13","date_gmt":"2025-06-22T21:38:13","guid":{"rendered":"https:\/\/clubpatinatgebadalona.com\/?page_id=213"},"modified":"2025-06-30T09:34:28","modified_gmt":"2025-06-30T09:34:28","slug":"nivells","status":"publish","type":"page","link":"https:\/\/clubpatinatgebadalona.com\/es\/nivells\/","title":{"rendered":"Programes i Nivells de Patinatge Art\u00edstic a Badalona | Club Patinatge Badalona"},"content":{"rendered":"<div data-elementor-type=\"wp-page\" data-elementor-id=\"213\" class=\"elementor elementor-213\" data-elementor-post-type=\"page\">\n\t\t\t\t<div class=\"elementor-element elementor-element-17d2b99 e-flex e-con-boxed e-con e-parent\" data-id=\"17d2b99\" data-element_type=\"container\">\n\t\t\t\t\t<div class=\"e-con-inner\">\n\t\t<div class=\"elementor-element elementor-element-c84562a e-con-full e-flex e-con e-child\" data-id=\"c84562a\" data-element_type=\"container\">\n\t\t\t\t<div class=\"elementor-element elementor-element-092860c elementor-widget elementor-widget-heading\" data-id=\"092860c\" data-element_type=\"widget\" data-widget_type=\"heading.default\">\n\t\t\t\t<div class=\"elementor-widget-container\">\n\t\t\t\t\t<h2 class=\"elementor-heading-title elementor-size-default\">Escuela de Patinaje Art\u00edstico<\/h2>\t\t\t\t<\/div>\n\t\t\t\t<\/div>\n\t\t\t\t<div class=\"elementor-element elementor-element-9c876d1 elementor-widget elementor-widget-heading\" data-id=\"9c876d1\" data-element_type=\"widget\" data-widget_type=\"heading.default\">\n\t\t\t\t<div class=\"elementor-widget-container\">\n\t\t\t\t\t<h5 class=\"elementor-heading-title elementor-size-default\">(3-5 a\u00f1os)<\/h5>\t\t\t\t<\/div>\n\t\t\t\t<\/div>\n\t\t<div class=\"elementor-element elementor-element-d268d47 e-con-full e-flex e-con e-child\" data-id=\"d268d47\" data-element_type=\"container\">\n\t\t\t\t<div class=\"elementor-element elementor-element-cde6030 elementor-widget elementor-widget-button\" data-id=\"cde6030\" data-element_type=\"widget\" data-widget_type=\"button.default\">\n\t\t\t\t<div class=\"elementor-widget-container\">\n\t\t\t\t\t\t\t\t\t<div class=\"elementor-button-wrapper\">\n\t\t\t\t\t<a class=\"elementor-button elementor-button-link elementor-size-sm\" href=\"https:\/\/clubpatinatgebadalona.com\/es\/nivells\/escoleta-de-patinatge-artistic-a-badalona-3-5-anys\/\">\n\t\t\t\t\t\t<span class=\"elementor-button-content-wrapper\">\n\t\t\t\t\t\t\t\t\t<span class=\"elementor-button-text\">PROGRAMA Y TARIFAS<\/span>\n\t\t\t\t\t<\/span>\n\t\t\t\t\t<\/a>\n\t\t\t\t<\/div>\n\t\t\t\t\t\t\t\t<\/div>\n\t\t\t\t<\/div>\n\t\t\t\t<div class=\"elementor-element elementor-element-88574a2 elementor-hidden-mobile elementor-widget elementor-widget-text-editor\" data-id=\"88574a2\" data-element_type=\"widget\" data-widget_type=\"text-editor.default\">\n\t\t\t\t<div class=\"elementor-widget-container\">\n\t\t\t\t\t\t\t\t\t<p><strong>Objetivos Clave:<\/strong><\/p><p>Desarrollo psicomotor, familiarizaci\u00f3n con los patines, aprendizaje l\u00fadico.<\/p><ul><li data-sourcepos=\"3:1-3:262\"><strong>Familiarizarse con los patines y desarrollar el equilibrio b\u00e1sico:<\/strong> Ayudar a los ni\u00f1os a adaptarse al material de patinaje (patines y protecciones) y a adquirir la capacidad de mantenerse de pie y realizar peque\u00f1os desplazamientos con seguridad y confianza.<\/li><li data-sourcepos=\"4:1-4:311\"><strong>Mejorar la coordinaci\u00f3n motriz y la psicomotricidad gruesa mediante el juego:<\/strong> Fomentar el desarrollo de las habilidades motoras fundamentales (como correr, saltar, girar) aplicadas al patinaje, todo a trav\u00e9s de actividades l\u00fadicas y din\u00e1micas que potencien la coordinaci\u00f3n y la conciencia corporal.<\/li><li data-sourcepos=\"5:1-5:345\"><strong>Promover la socializaci\u00f3n y el disfrute, creando una primera experiencia positiva con el deporte:<\/strong> Establecer un ambiente de grupo acogedor y divertido donde los ni\u00f1os y ni\u00f1as puedan interactuar entre ellos, aprender a compartir y colaborar, mientras descubren la alegr\u00eda de la actividad f\u00edsica y el patinaje art\u00edstico en un contexto positivo y estimulante.<\/li><\/ul><p><strong>NO SON NECESARIOS PATINES DE COMPETICI\u00d3N.<\/strong><\/p>\t\t\t\t\t\t\t\t<\/div>\n\t\t\t\t<\/div>\n\t\t\t\t<\/div>\n\t\t\t\t<\/div>\n\t\t<div class=\"elementor-element elementor-element-acc0a4e e-con-full e-flex e-con e-child\" data-id=\"acc0a4e\" data-element_type=\"container\">\n\t\t\t\t<div class=\"elementor-element elementor-element-1c688db elementor-widget elementor-widget-image\" data-id=\"1c688db\" data-element_type=\"widget\" data-widget_type=\"image.default\">\n\t\t\t\t<div class=\"elementor-widget-container\">\n\t\t\t\t\t\t\t\t\t\t\t\t\t\t\t\t<a href=\"https:\/\/clubpatinatgebadalona.com\/es\/nivells\/escoleta-de-patinatge-artistic-a-badalona-3-5-anys\/\">\n\t\t\t\t\t\t\t<img fetchpriority=\"high\" decoding=\"async\" width=\"800\" height=\"800\" src=\"https:\/\/clubpatinatgebadalona.com\/wp-content\/uploads\/2025\/06\/club_patinatge_badalona_de_3-a-5-anys-1024x1024.jpg\" class=\"attachment-large size-large wp-image-100\" alt=\"Escoleta de 3 a 5 anys\" srcset=\"https:\/\/clubpatinatgebadalona.com\/wp-content\/uploads\/2025\/06\/club_patinatge_badalona_de_3-a-5-anys-1024x1024.jpg 1024w, https:\/\/clubpatinatgebadalona.com\/wp-content\/uploads\/2025\/06\/club_patinatge_badalona_de_3-a-5-anys-300x300.jpg 300w, https:\/\/clubpatinatgebadalona.com\/wp-content\/uploads\/2025\/06\/club_patinatge_badalona_de_3-a-5-anys-150x150.jpg 150w, https:\/\/clubpatinatgebadalona.com\/wp-content\/uploads\/2025\/06\/club_patinatge_badalona_de_3-a-5-anys-768x768.jpg 768w, https:\/\/clubpatinatgebadalona.com\/wp-content\/uploads\/2025\/06\/club_patinatge_badalona_de_3-a-5-anys.jpg 1080w\" sizes=\"(max-width: 800px) 100vw, 800px\" \/>\t\t\t\t\t\t\t\t<\/a>\n\t\t\t\t\t\t\t\t\t\t\t\t\t\t\t<\/div>\n\t\t\t\t<\/div>\n\t\t\t\t<div class=\"elementor-element elementor-element-10b796e elementor-widget elementor-widget-text-editor\" data-id=\"10b796e\" data-element_type=\"widget\" data-widget_type=\"text-editor.default\">\n\t\t\t\t<div class=\"elementor-widget-container\">\n\t\t\t\t\t\t\t\t\t<p class=\"translation-block\">\u00a1El punto de partida ideal para nuestros futuros campeones! En la Escuela, los m\u00e1s peque\u00f1os se inician en el patinaje art\u00edstico a trav\u00e9s de juegos y actividades l\u00fadicas. Aprenden el equilibrio, la coordinaci\u00f3n y los primeros desplazamientos sobre ruedas en un ambiente seguro, divertido y lleno de colores. El objetivo es que se enamoren del patinaje mientras desarrollan habilidades motrices fundamentales.<\/p>\t\t\t\t\t\t\t\t<\/div>\n\t\t\t\t<\/div>\n\t\t\t\t<\/div>\n\t\t\t\t\t<\/div>\n\t\t\t\t<\/div>\n\t\t<div class=\"elementor-element elementor-element-7296c60 e-flex e-con-boxed e-con e-parent\" data-id=\"7296c60\" data-element_type=\"container\">\n\t\t\t\t\t<div class=\"e-con-inner\">\n\t\t<div class=\"elementor-element elementor-element-9c8c4c7 e-con-full e-flex e-con e-child\" data-id=\"9c8c4c7\" data-element_type=\"container\">\n\t\t\t\t<div class=\"elementor-element elementor-element-096389c elementor-widget elementor-widget-heading\" data-id=\"096389c\" data-element_type=\"widget\" data-widget_type=\"heading.default\">\n\t\t\t\t<div class=\"elementor-widget-container\">\n\t\t\t\t\t<h2 class=\"elementor-heading-title elementor-size-default\">Nivell 0<\/h2>\t\t\t\t<\/div>\n\t\t\t\t<\/div>\n\t\t\t\t<div class=\"elementor-element elementor-element-0e29d33 elementor-widget elementor-widget-heading\" data-id=\"0e29d33\" data-element_type=\"widget\" data-widget_type=\"heading.default\">\n\t\t\t\t<div class=\"elementor-widget-container\">\n\t\t\t\t\t<h5 class=\"elementor-heading-title elementor-size-default\">a partir de 6 a\u00f1os<\/h5>\t\t\t\t<\/div>\n\t\t\t\t<\/div>\n\t\t\t\t<div class=\"elementor-element elementor-element-ba0a684 elementor-widget elementor-widget-button\" data-id=\"ba0a684\" data-element_type=\"widget\" data-widget_type=\"button.default\">\n\t\t\t\t<div class=\"elementor-widget-container\">\n\t\t\t\t\t\t\t\t\t<div class=\"elementor-button-wrapper\">\n\t\t\t\t\t<a class=\"elementor-button elementor-button-link elementor-size-sm\" href=\"https:\/\/clubpatinatgebadalona.com\/es\/nivells\/nivell-0-patinatge-artistic-iniciacio\/\">\n\t\t\t\t\t\t<span class=\"elementor-button-content-wrapper\">\n\t\t\t\t\t\t\t\t\t<span class=\"elementor-button-text\">PROGRAMA Y TARIFAS<\/span>\n\t\t\t\t\t<\/span>\n\t\t\t\t\t<\/a>\n\t\t\t\t<\/div>\n\t\t\t\t\t\t\t\t<\/div>\n\t\t\t\t<\/div>\n\t\t\t\t<div class=\"elementor-element elementor-element-10179c2 elementor-widget elementor-widget-text-editor\" data-id=\"10179c2\" data-element_type=\"widget\" data-widget_type=\"text-editor.default\">\n\t\t\t\t<div class=\"elementor-widget-container\">\n\t\t\t\t\t\t\t\t\t<p class=\"translation-block\">En el Club Patinaje Badalona, el Nivel 0 es el punto de partida ideal para todos los ni\u00f1os y ni\u00f1as a partir de 6 a\u00f1os que quieren iniciarse en el fascinante mundo del patinaje art\u00edstico. Aqu\u00ed, establecemos las bases s\u00f3lidas que les permitir\u00e1n progresar con seguridad y confianza, mientras descubren la magia de deslizarse y expresarse sobre ruedas.<\/p>\t\t\t\t\t\t\t\t<\/div>\n\t\t\t\t<\/div>\n\t\t<div class=\"elementor-element elementor-element-1868aa0 e-con-full elementor-hidden-mobile e-flex e-con e-child\" data-id=\"1868aa0\" data-element_type=\"container\">\n\t\t\t\t<div class=\"elementor-element elementor-element-683e4ec elementor-widget elementor-widget-text-editor\" data-id=\"683e4ec\" data-element_type=\"widget\" data-widget_type=\"text-editor.default\">\n\t\t\t\t<div class=\"elementor-widget-container\">\n\t\t\t\t\t\t\t\t\t<p><strong>Objetivos Clave:<\/strong><\/p><ul><li data-sourcepos=\"3:1-3:257\"><strong>Dominar los desplazamientos b\u00e1sicos y el equilibrio sobre ruedas:<\/strong> Asegurar que los patinadores adquieran la capacidad de impulsarse, deslizarse con fluidez hacia adelante y hacia atr\u00e1s, frenar de manera controlada y mantener el equilibrio con seguridad en la pista.<\/li><li data-sourcepos=\"4:1-4:278\"><strong>Adquirir las t\u00e9cnicas de ca\u00edda segura y el uso correcto de las protecciones:<\/strong> Inculcar desde el primer momento la importancia de la seguridad, ense\u00f1ando a caer correctamente para minimizar riesgos y garantizando que interioricen el uso imprescindible del casco y las protecciones.<\/li><li data-sourcepos=\"5:1-5:275\"><strong>Fomentar la pasi\u00f3n por el patinaje art\u00edstico a trav\u00e9s del juego y la diversi\u00f3n:<\/strong> Crear un ambiente de aprendizaje l\u00fadico y estimulante que despierte el entusiasmo por el patinaje, estableciendo una base positiva y motivadora para su progresi\u00f3n en el futuro del patinaje art\u00edstico.<\/li><\/ul><p>\u00a0<\/p><p><strong>NO SON NECESARIOS PATINES DE COMPETICI\u00d3N.<\/strong><\/p>\t\t\t\t\t\t\t\t<\/div>\n\t\t\t\t<\/div>\n\t\t\t\t<\/div>\n\t\t\t\t<\/div>\n\t\t<div class=\"elementor-element elementor-element-21f5fca e-con-full e-flex e-con e-child\" data-id=\"21f5fca\" data-element_type=\"container\">\n\t\t\t\t<div class=\"elementor-element elementor-element-4819160 elementor-widget elementor-widget-image\" data-id=\"4819160\" data-element_type=\"widget\" data-widget_type=\"image.default\">\n\t\t\t\t<div class=\"elementor-widget-container\">\n\t\t\t\t\t\t\t\t\t\t\t\t\t\t\t<img decoding=\"async\" width=\"800\" height=\"800\" src=\"https:\/\/clubpatinatgebadalona.com\/wp-content\/uploads\/2025\/06\/club_patinatge_badalona_escoleta_de_3-a-5-anys-1024x1024.jpg\" class=\"attachment-large size-large wp-image-35\" alt=\"Club Patinatge Badalona \/ Escoleta de 3 a 5 anys\" srcset=\"https:\/\/clubpatinatgebadalona.com\/wp-content\/uploads\/2025\/06\/club_patinatge_badalona_escoleta_de_3-a-5-anys-1024x1024.jpg 1024w, https:\/\/clubpatinatgebadalona.com\/wp-content\/uploads\/2025\/06\/club_patinatge_badalona_escoleta_de_3-a-5-anys-300x300.jpg 300w, https:\/\/clubpatinatgebadalona.com\/wp-content\/uploads\/2025\/06\/club_patinatge_badalona_escoleta_de_3-a-5-anys-150x150.jpg 150w, https:\/\/clubpatinatgebadalona.com\/wp-content\/uploads\/2025\/06\/club_patinatge_badalona_escoleta_de_3-a-5-anys-768x768.jpg 768w, https:\/\/clubpatinatgebadalona.com\/wp-content\/uploads\/2025\/06\/club_patinatge_badalona_escoleta_de_3-a-5-anys.jpg 1080w\" sizes=\"(max-width: 800px) 100vw, 800px\" \/>\t\t\t\t\t\t\t\t\t\t\t\t\t\t\t<\/div>\n\t\t\t\t<\/div>\n\t\t\t\t<\/div>\n\t\t\t\t\t<\/div>\n\t\t\t\t<\/div>\n\t\t<div class=\"elementor-element elementor-element-00b80a8 e-flex e-con-boxed e-con e-parent\" data-id=\"00b80a8\" data-element_type=\"container\" data-settings=\"{&quot;background_background&quot;:&quot;classic&quot;}\">\n\t\t\t\t\t<div class=\"e-con-inner\">\n\t\t\t\t<div class=\"elementor-element elementor-element-a01dd5f elementor-widget elementor-widget-heading\" data-id=\"a01dd5f\" data-element_type=\"widget\" data-widget_type=\"heading.default\">\n\t\t\t\t<div class=\"elementor-widget-container\">\n\t\t\t\t\t<h2 class=\"elementor-heading-title elementor-size-default\">Pre-inscripciones Temporada 25\/26<\/h2>\t\t\t\t<\/div>\n\t\t\t\t<\/div>\n\t\t\t\t<div class=\"elementor-element elementor-element-d30ff8e elementor-widget elementor-widget-heading\" data-id=\"d30ff8e\" data-element_type=\"widget\" data-widget_type=\"heading.default\">\n\t\t\t\t<div class=\"elementor-widget-container\">\n\t\t\t\t\t<h6 class=\"elementor-heading-title elementor-size-default\">\u00a1Tu momento de brillar empieza aqu\u00ed! Pre-inscripciones Temporada 25\/26<\/h6>\t\t\t\t<\/div>\n\t\t\t\t<\/div>\n\t\t\t\t<div class=\"elementor-element elementor-element-92eab1c elementor-widget elementor-widget-text-editor\" data-id=\"92eab1c\" data-element_type=\"widget\" data-widget_type=\"text-editor.default\">\n\t\t\t\t<div class=\"elementor-widget-container\">\n\t\t\t\t\t\t\t\t\t<p class=\"translation-block\">Est\u00e1s a un paso de formar parte de la familia del Club Patinaje Art\u00edstico Badalona. Inscribe a tu hijo\/a para la pr\u00f3xima temporada 25\/26 y asegura su plaza en uno de los clubes de patinaje art\u00edstico m\u00e1s referentes de Badalona.<\/p>\t\t\t\t\t\t\t\t<\/div>\n\t\t\t\t<\/div>\n\t\t\t\t<div class=\"elementor-element elementor-element-da96ec6 elementor-align-center elementor-widget elementor-widget-button\" data-id=\"da96ec6\" data-element_type=\"widget\" data-widget_type=\"button.default\">\n\t\t\t\t<div class=\"elementor-widget-container\">\n\t\t\t\t\t\t\t\t\t<div class=\"elementor-button-wrapper\">\n\t\t\t\t\t<a class=\"elementor-button elementor-button-link elementor-size-sm elementor-animation-grow\" href=\"https:\/\/patinatgebadalona.playoffinformatica.com\/preinscripcion\/\" target=\"_blank\">\n\t\t\t\t\t\t<span class=\"elementor-button-content-wrapper\">\n\t\t\t\t\t\t\t\t\t<span class=\"elementor-button-text\">\u00a1Quiero Pre-inscribirme ahora!<\/span>\n\t\t\t\t\t<\/span>\n\t\t\t\t\t<\/a>\n\t\t\t\t<\/div>\n\t\t\t\t\t\t\t\t<\/div>\n\t\t\t\t<\/div>\n\t\t\t\t\t<\/div>\n\t\t\t\t<\/div>\n\t\t\t\t<\/div>","protected":false},"excerpt":{"rendered":"<p>Escoleta de Patinatge (3-5 anys) PROGRAMA I TARIFES Objectius Clau: Desenvolupament psicomotriu, familiaritzaci\u00f3 amb els patins, aprenentatge l\u00fadic. Familiaritzar-se amb els patins i desenvolupar l&#8217;equilibri b\u00e0sic: Ajudar els infants a adaptar-se al material de patinatge (patins i proteccions) i a adquirir la capacitat de mantenir-se dempeus i realitzar petits despla\u00e7aments amb seguretat i confian\u00e7a. Millorar [&hellip;]<\/p>","protected":false},"author":1,"featured_media":0,"parent":0,"menu_order":0,"comment_status":"closed","ping_status":"closed","template":"elementor_header_footer","meta":{"footnotes":""},"class_list":["post-213","page","type-page","status-publish","hentry"],"yoast_head":"<!-- This site is optimized with the Yoast SEO plugin v26.3 - https:\/\/yoast.com\/wordpress\/plugins\/seo\/ -->\n<title>Programes i Nivells de Patinatge Art\u00edstic a Badalona | Club Patinatge Badalona<\/title>\n<meta name=\"description\" content=\"Descobreix els programes i nivells del Club Patinatge Badalona: des de l&#039;Escoleta i Iniciaci\u00f3 fins a Federaci\u00f3 i Show.\" \/>\n<meta name=\"robots\" content=\"index, follow, max-snippet:-1, max-image-preview:large, max-video-preview:-1\" \/>\n<link rel=\"canonical\" href=\"https:\/\/clubpatinatgebadalona.com\/es\/nivells\/\" \/>\n<meta property=\"og:locale\" content=\"es_ES\" \/>\n<meta property=\"og:type\" content=\"article\" \/>\n<meta property=\"og:title\" content=\"Programes i Nivells de Patinatge Art\u00edstic a Badalona | Club Patinatge Badalona\" \/>\n<meta property=\"og:description\" content=\"Descobreix els programes i nivells del Club Patinatge Badalona: des de l&#039;Escoleta i Iniciaci\u00f3 fins a Federaci\u00f3 i Show.\" \/>\n<meta property=\"og:url\" content=\"https:\/\/clubpatinatgebadalona.com\/es\/nivells\/\" \/>\n<meta property=\"og:site_name\" content=\"clubpatinatgebadalona.com\" \/>\n<meta property=\"article:publisher\" content=\"https:\/\/www.facebook.com\/PatinatgeBadalona\" \/>\n<meta property=\"article:modified_time\" content=\"2025-06-30T09:34:28+00:00\" \/>\n<meta property=\"og:image\" content=\"https:\/\/clubpatinatgebadalona.com\/wp-content\/uploads\/2025\/06\/club_patinatge_badalona_de_3-a-5-anys.jpg\" \/>\n\t<meta property=\"og:image:width\" content=\"1080\" \/>\n\t<meta property=\"og:image:height\" content=\"1080\" \/>\n\t<meta property=\"og:image:type\" content=\"image\/jpeg\" \/>\n<meta name=\"twitter:card\" content=\"summary_large_image\" \/>\n<meta name=\"twitter:label1\" content=\"Tiempo de lectura\" \/>\n\t<meta name=\"twitter:data1\" content=\"3 minutos\" \/>\n<script type=\"application\/ld+json\" class=\"yoast-schema-graph\">{\"@context\":\"https:\/\/schema.org\",\"@graph\":[{\"@type\":\"WebPage\",\"@id\":\"https:\/\/clubpatinatgebadalona.com\/nivells\/\",\"url\":\"https:\/\/clubpatinatgebadalona.com\/nivells\/\",\"name\":\"Programes i Nivells de Patinatge Art\u00edstic a Badalona | Club Patinatge Badalona\",\"isPartOf\":{\"@id\":\"https:\/\/clubpatinatgebadalona.com\/#website\"},\"primaryImageOfPage\":{\"@id\":\"https:\/\/clubpatinatgebadalona.com\/nivells\/#primaryimage\"},\"image\":{\"@id\":\"https:\/\/clubpatinatgebadalona.com\/nivells\/#primaryimage\"},\"thumbnailUrl\":\"https:\/\/clubpatinatgebadalona.com\/wp-content\/uploads\/2025\/06\/club_patinatge_badalona_de_3-a-5-anys-1024x1024.jpg\",\"datePublished\":\"2025-06-22T21:38:13+00:00\",\"dateModified\":\"2025-06-30T09:34:28+00:00\",\"description\":\"Descobreix els programes i nivells del Club Patinatge Badalona: des de l'Escoleta i Iniciaci\u00f3 fins a Federaci\u00f3 i Show.\",\"breadcrumb\":{\"@id\":\"https:\/\/clubpatinatgebadalona.com\/nivells\/#breadcrumb\"},\"inLanguage\":\"es\",\"potentialAction\":[{\"@type\":\"ReadAction\",\"target\":[\"https:\/\/clubpatinatgebadalona.com\/nivells\/\"]}]},{\"@type\":\"ImageObject\",\"inLanguage\":\"es\",\"@id\":\"https:\/\/clubpatinatgebadalona.com\/nivells\/#primaryimage\",\"url\":\"https:\/\/clubpatinatgebadalona.com\/wp-content\/uploads\/2025\/06\/club_patinatge_badalona_de_3-a-5-anys-1024x1024.jpg\",\"contentUrl\":\"https:\/\/clubpatinatgebadalona.com\/wp-content\/uploads\/2025\/06\/club_patinatge_badalona_de_3-a-5-anys-1024x1024.jpg\"},{\"@type\":\"BreadcrumbList\",\"@id\":\"https:\/\/clubpatinatgebadalona.com\/nivells\/#breadcrumb\",\"itemListElement\":[{\"@type\":\"ListItem\",\"position\":1,\"name\":\"Portada\",\"item\":\"https:\/\/clubpatinatgebadalona.com\/\"},{\"@type\":\"ListItem\",\"position\":2,\"name\":\"Programes i Nivells de Patinatge Art\u00edstic a Badalona | Club Patinatge Badalona\"}]},{\"@type\":\"WebSite\",\"@id\":\"https:\/\/clubpatinatgebadalona.com\/#website\",\"url\":\"https:\/\/clubpatinatgebadalona.com\/\",\"name\":\"clubpatinatgebadalona.com\",\"description\":\"\",\"publisher\":{\"@id\":\"https:\/\/clubpatinatgebadalona.com\/#organization\"},\"potentialAction\":[{\"@type\":\"SearchAction\",\"target\":{\"@type\":\"EntryPoint\",\"urlTemplate\":\"https:\/\/clubpatinatgebadalona.com\/?s={search_term_string}\"},\"query-input\":{\"@type\":\"PropertyValueSpecification\",\"valueRequired\":true,\"valueName\":\"search_term_string\"}}],\"inLanguage\":\"es\"},{\"@type\":\"Organization\",\"@id\":\"https:\/\/clubpatinatgebadalona.com\/#organization\",\"name\":\"Club Patinatge Art\u00edstic Badalona\",\"url\":\"https:\/\/clubpatinatgebadalona.com\/\",\"logo\":{\"@type\":\"ImageObject\",\"inLanguage\":\"es\",\"@id\":\"https:\/\/clubpatinatgebadalona.com\/#\/schema\/logo\/image\/\",\"url\":\"https:\/\/clubpatinatgebadalona.com\/wp-content\/uploads\/2025\/06\/favicon_club_patinatge_Badalona.jpg\",\"contentUrl\":\"https:\/\/clubpatinatgebadalona.com\/wp-content\/uploads\/2025\/06\/favicon_club_patinatge_Badalona.jpg\",\"width\":200,\"height\":200,\"caption\":\"Club Patinatge Art\u00edstic Badalona\"},\"image\":{\"@id\":\"https:\/\/clubpatinatgebadalona.com\/#\/schema\/logo\/image\/\"},\"sameAs\":[\"https:\/\/www.facebook.com\/PatinatgeBadalona\",\"https:\/\/www.instagram.com\/cpabdn\/\"]}]}<\/script>\n<!-- \/ Yoast SEO plugin. -->","yoast_head_json":{"title":"Programes i Nivells de Patinatge Art\u00edstic a Badalona | Club Patinatge Badalona","description":"Descobreix els programes i nivells del Club Patinatge Badalona: des de l'Escoleta i Iniciaci\u00f3 fins a Federaci\u00f3 i Show.","robots":{"index":"index","follow":"follow","max-snippet":"max-snippet:-1","max-image-preview":"max-image-preview:large","max-video-preview":"max-video-preview:-1"},"canonical":"https:\/\/clubpatinatgebadalona.com\/es\/nivells\/","og_locale":"es_ES","og_type":"article","og_title":"Programes i Nivells de Patinatge Art\u00edstic a Badalona | Club Patinatge Badalona","og_description":"Descobreix els programes i nivells del Club Patinatge Badalona: des de l'Escoleta i Iniciaci\u00f3 fins a Federaci\u00f3 i Show.","og_url":"https:\/\/clubpatinatgebadalona.com\/es\/nivells\/","og_site_name":"clubpatinatgebadalona.com","article_publisher":"https:\/\/www.facebook.com\/PatinatgeBadalona","article_modified_time":"2025-06-30T09:34:28+00:00","og_image":[{"width":1080,"height":1080,"url":"https:\/\/clubpatinatgebadalona.com\/wp-content\/uploads\/2025\/06\/club_patinatge_badalona_de_3-a-5-anys.jpg","type":"image\/jpeg"}],"twitter_card":"summary_large_image","twitter_misc":{"Tiempo de lectura":"3 minutos"},"schema":{"@context":"https:\/\/schema.org","@graph":[{"@type":"WebPage","@id":"https:\/\/clubpatinatgebadalona.com\/nivells\/","url":"https:\/\/clubpatinatgebadalona.com\/nivells\/","name":"Programes i Nivells de Patinatge Art\u00edstic a Badalona | Club Patinatge Badalona","isPartOf":{"@id":"https:\/\/clubpatinatgebadalona.com\/#website"},"primaryImageOfPage":{"@id":"https:\/\/clubpatinatgebadalona.com\/nivells\/#primaryimage"},"image":{"@id":"https:\/\/clubpatinatgebadalona.com\/nivells\/#primaryimage"},"thumbnailUrl":"https:\/\/clubpatinatgebadalona.com\/wp-content\/uploads\/2025\/06\/club_patinatge_badalona_de_3-a-5-anys-1024x1024.jpg","datePublished":"2025-06-22T21:38:13+00:00","dateModified":"2025-06-30T09:34:28+00:00","description":"Descobreix els programes i nivells del Club Patinatge Badalona: des de l'Escoleta i Iniciaci\u00f3 fins a Federaci\u00f3 i Show.","breadcrumb":{"@id":"https:\/\/clubpatinatgebadalona.com\/nivells\/#breadcrumb"},"inLanguage":"es","potentialAction":[{"@type":"ReadAction","target":["https:\/\/clubpatinatgebadalona.com\/nivells\/"]}]},{"@type":"ImageObject","inLanguage":"es","@id":"https:\/\/clubpatinatgebadalona.com\/nivells\/#primaryimage","url":"https:\/\/clubpatinatgebadalona.com\/wp-content\/uploads\/2025\/06\/club_patinatge_badalona_de_3-a-5-anys-1024x1024.jpg","contentUrl":"https:\/\/clubpatinatgebadalona.com\/wp-content\/uploads\/2025\/06\/club_patinatge_badalona_de_3-a-5-anys-1024x1024.jpg"},{"@type":"BreadcrumbList","@id":"https:\/\/clubpatinatgebadalona.com\/nivells\/#breadcrumb","itemListElement":[{"@type":"ListItem","position":1,"name":"Portada","item":"https:\/\/clubpatinatgebadalona.com\/"},{"@type":"ListItem","position":2,"name":"Programes i Nivells de Patinatge Art\u00edstic a Badalona | Club Patinatge Badalona"}]},{"@type":"WebSite","@id":"https:\/\/clubpatinatgebadalona.com\/#website","url":"https:\/\/clubpatinatgebadalona.com\/","name":"clubpatinatgebadalona.com","description":"","publisher":{"@id":"https:\/\/clubpatinatgebadalona.com\/#organization"},"potentialAction":[{"@type":"SearchAction","target":{"@type":"EntryPoint","urlTemplate":"https:\/\/clubpatinatgebadalona.com\/?s={search_term_string}"},"query-input":{"@type":"PropertyValueSpecification","valueRequired":true,"valueName":"search_term_string"}}],"inLanguage":"es"},{"@type":"Organization","@id":"https:\/\/clubpatinatgebadalona.com\/#organization","name":"Club Patinatge Art\u00edstic Badalona","url":"https:\/\/clubpatinatgebadalona.com\/","logo":{"@type":"ImageObject","inLanguage":"es","@id":"https:\/\/clubpatinatgebadalona.com\/#\/schema\/logo\/image\/","url":"https:\/\/clubpatinatgebadalona.com\/wp-content\/uploads\/2025\/06\/favicon_club_patinatge_Badalona.jpg","contentUrl":"https:\/\/clubpatinatgebadalona.com\/wp-content\/uploads\/2025\/06\/favicon_club_patinatge_Badalona.jpg","width":200,"height":200,"caption":"Club Patinatge Art\u00edstic Badalona"},"image":{"@id":"https:\/\/clubpatinatgebadalona.com\/#\/schema\/logo\/image\/"},"sameAs":["https:\/\/www.facebook.com\/PatinatgeBadalona","https:\/\/www.instagram.com\/cpabdn\/"]}]}},"_links":{"self":[{"href":"https:\/\/clubpatinatgebadalona.com\/es\/wp-json\/wp\/v2\/pages\/213","targetHints":{"allow":["GET"]}}],"collection":[{"href":"https:\/\/clubpatinatgebadalona.com\/es\/wp-json\/wp\/v2\/pages"}],"about":[{"href":"https:\/\/clubpatinatgebadalona.com\/es\/wp-json\/wp\/v2\/types\/page"}],"author":[{"embeddable":true,"href":"https:\/\/clubpatinatgebadalona.com\/es\/wp-json\/wp\/v2\/users\/1"}],"replies":[{"embeddable":true,"href":"https:\/\/clubpatinatgebadalona.com\/es\/wp-json\/wp\/v2\/comments?post=213"}],"version-history":[{"count":40,"href":"https:\/\/clubpatinatgebadalona.com\/es\/wp-json\/wp\/v2\/pages\/213\/revisions"}],"predecessor-version":[{"id":386,"href":"https:\/\/clubpatinatgebadalona.com\/es\/wp-json\/wp\/v2\/pages\/213\/revisions\/386"}],"wp:attachment":[{"href":"https:\/\/clubpatinatgebadalona.com\/es\/wp-json\/wp\/v2\/media?parent=213"}],"curies":[{"name":"wp","href":"https:\/\/api.w.org\/{rel}","templated":true}]}}