{"id":203,"date":"2025-06-22T21:04:13","date_gmt":"2025-06-22T21:04:13","guid":{"rendered":"https:\/\/clubpatinatgebadalona.com\/?page_id=203"},"modified":"2025-06-23T00:57:41","modified_gmt":"2025-06-23T00:57:41","slug":"entrenadores-club-patinatge-badalona-el-nostre-equip-professional","status":"publish","type":"page","link":"https:\/\/clubpatinatgebadalona.com\/es\/entrenadores-club-patinatge-badalona-el-nostre-equip-professional\/","title":{"rendered":"Entrenadores Club Patinatge Badalona | El Nostre Equip Professional"},"content":{"rendered":"<div data-elementor-type=\"wp-page\" data-elementor-id=\"203\" class=\"elementor elementor-203\" data-elementor-post-type=\"page\">\n\t\t\t\t<div class=\"elementor-element elementor-element-53be136 e-flex e-con-boxed e-con e-parent\" data-id=\"53be136\" data-element_type=\"container\" data-settings=\"{&quot;background_background&quot;:&quot;classic&quot;}\">\n\t\t\t\t\t<div class=\"e-con-inner\">\n\t\t<div class=\"elementor-element elementor-element-d42d722 e-con-full e-flex e-con e-child\" data-id=\"d42d722\" data-element_type=\"container\">\n\t\t\t\t<div class=\"elementor-element elementor-element-21c3bb4 elementor-widget elementor-widget-heading\" data-id=\"21c3bb4\" data-element_type=\"widget\" data-widget_type=\"heading.default\">\n\t\t\t\t<div class=\"elementor-widget-container\">\n\t\t\t\t\t<h1 class=\"elementor-heading-title elementor-size-default\">Coraz\u00f3n y Alma del Patinaje Art\u00edstico en Badalona\n<\/h1>\t\t\t\t<\/div>\n\t\t\t\t<\/div>\n\t\t\t\t<\/div>\n\t\t<div class=\"elementor-element elementor-element-75ca670 e-con-full e-flex e-con e-child\" data-id=\"75ca670\" data-element_type=\"container\">\n\t\t\t\t<div class=\"elementor-element elementor-element-1767228 elementor-widget elementor-widget-text-editor\" data-id=\"1767228\" data-element_type=\"widget\" data-widget_type=\"text-editor.default\">\n\t\t\t\t<div class=\"elementor-widget-container\">\n\t\t\t\t\t\t\t\t\t<p class=\"translation-block\">En el Club Patinaje Badalona, sabemos que la excelencia en el patinaje art\u00edstico reside en las manos que gu\u00edan e inspiran. Nuestro equipo de entrenadoras es el verdadero motor que impulsa a cada patinador y patinadora hacia sus sue\u00f1os y metas. Son mujeres con una profunda pasi\u00f3n, una paciencia infinita y una metodolog\u00eda probada que se adapta a cada edad y nivel, asegurando que cada alumno desarrolle su m\u00e1ximo potencial. Son el pilar fundamental de nuestro club y la clave del crecimiento tanto deportivo como personal de nuestros j\u00f3venes talentos.<\/p>\t\t\t\t\t\t\t\t<\/div>\n\t\t\t\t<\/div>\n\t\t\t\t<\/div>\n\t\t\t\t\t<\/div>\n\t\t\t\t<\/div>\n\t\t<div class=\"elementor-element elementor-element-81a7a4a e-flex e-con-boxed e-con e-parent\" data-id=\"81a7a4a\" data-element_type=\"container\">\n\t\t\t\t\t<div class=\"e-con-inner\">\n\t\t\t\t<div class=\"elementor-element elementor-element-792ec7c elementor-widget elementor-widget-heading\" data-id=\"792ec7c\" data-element_type=\"widget\" data-widget_type=\"heading.default\">\n\t\t\t\t<div class=\"elementor-widget-container\">\n\t\t\t\t\t<h2 class=\"elementor-heading-title elementor-size-default\">Experiencia y Pasi\u00f3n al Servicio de Tu Hijo\/a<\/h2>\t\t\t\t<\/div>\n\t\t\t\t<\/div>\n\t\t\t\t<div class=\"elementor-element elementor-element-9e05ce3 elementor-widget elementor-widget-text-editor\" data-id=\"9e05ce3\" data-element_type=\"widget\" data-widget_type=\"text-editor.default\">\n\t\t\t\t<div class=\"elementor-widget-container\">\n\t\t\t\t\t\t\t\t\t<p class=\"translation-block\">Cada una de nuestras entrenadoras aporta una experiencia \u00fanica y un compromiso inquebrantable con la ense\u00f1anza del patinaje. Con su talento y dedicaci\u00f3n, crean un ambiente de aprendizaje positivo y motivador. Conoce qui\u00e9nes son las profesionales que har\u00e1n brillar a tu hijo\/a en la pista:<\/p>\t\t\t\t\t\t\t\t<\/div>\n\t\t\t\t<\/div>\n\t\t\t\t\t<\/div>\n\t\t\t\t<\/div>\n\t\t<div class=\"elementor-element elementor-element-e629e5e e-flex e-con-boxed e-con e-parent\" data-id=\"e629e5e\" data-element_type=\"container\">\n\t\t\t\t\t<div class=\"e-con-inner\">\n\t\t<div class=\"elementor-element elementor-element-2ea70eb e-con-full e-flex e-con e-child\" data-id=\"2ea70eb\" data-element_type=\"container\">\n\t\t\t\t<div class=\"elementor-element elementor-element-9b7d85f elementor-widget elementor-widget-image\" data-id=\"9b7d85f\" data-element_type=\"widget\" data-widget_type=\"image.default\">\n\t\t\t\t<div class=\"elementor-widget-container\">\n\t\t\t\t\t\t\t\t\t\t\t\t\t\t\t<img decoding=\"async\" src=\"https:\/\/clubpatinatgebadalona.com\/wp-content\/plugins\/elementor\/assets\/images\/placeholder.png\" title=\"\" alt=\"\" loading=\"lazy\" \/>\t\t\t\t\t\t\t\t\t\t\t\t\t\t\t<\/div>\n\t\t\t\t<\/div>\n\t\t\t\t<div class=\"elementor-element elementor-element-6c0f936 elementor-widget elementor-widget-heading\" data-id=\"6c0f936\" data-element_type=\"widget\" data-widget_type=\"heading.default\">\n\t\t\t\t<div class=\"elementor-widget-container\">\n\t\t\t\t\t<h2 class=\"elementor-heading-title elementor-size-default\">Luc\u00eda<\/h2>\t\t\t\t<\/div>\n\t\t\t\t<\/div>\n\t\t\t\t<div class=\"elementor-element elementor-element-f0d1afc elementor-widget elementor-widget-text-editor\" data-id=\"f0d1afc\" data-element_type=\"widget\" data-widget_type=\"text-editor.default\">\n\t\t\t\t<div class=\"elementor-widget-container\">\n\t\t\t\t\t\t\t\t\t<p>Especializada en la formaci\u00f3n de los m\u00e1s peque\u00f1os, Luc\u00eda tiene el don de convertir los primeros contactos con el patinaje en una experiencia m\u00e1gica y divertida, fomentando el equilibrio y la coordinaci\u00f3n con juegos e ilusi\u00f3n.<\/p>\t\t\t\t\t\t\t\t<\/div>\n\t\t\t\t<\/div>\n\t\t\t\t<\/div>\n\t\t<div class=\"elementor-element elementor-element-29b124a e-con-full e-flex e-con e-child\" data-id=\"29b124a\" data-element_type=\"container\">\n\t\t\t\t<div class=\"elementor-element elementor-element-01daf54 elementor-widget elementor-widget-image\" data-id=\"01daf54\" data-element_type=\"widget\" data-widget_type=\"image.default\">\n\t\t\t\t<div class=\"elementor-widget-container\">\n\t\t\t\t\t\t\t\t\t\t\t\t\t\t\t<img decoding=\"async\" src=\"https:\/\/clubpatinatgebadalona.com\/wp-content\/plugins\/elementor\/assets\/images\/placeholder.png\" title=\"\" alt=\"\" loading=\"lazy\" \/>\t\t\t\t\t\t\t\t\t\t\t\t\t\t\t<\/div>\n\t\t\t\t<\/div>\n\t\t\t\t<div class=\"elementor-element elementor-element-6949d88 elementor-widget elementor-widget-heading\" data-id=\"6949d88\" data-element_type=\"widget\" data-widget_type=\"heading.default\">\n\t\t\t\t<div class=\"elementor-widget-container\">\n\t\t\t\t\t<h2 class=\"elementor-heading-title elementor-size-default\">Maria<\/h2>\t\t\t\t<\/div>\n\t\t\t\t<\/div>\n\t\t\t\t<div class=\"elementor-element elementor-element-72dc543 elementor-widget elementor-widget-text-editor\" data-id=\"72dc543\" data-element_type=\"widget\" data-widget_type=\"text-editor.default\">\n\t\t\t\t<div class=\"elementor-widget-container\">\n\t\t\t\t\t\t\t\t\t<p>Con una extensa trayectoria en nuestro club, Mar\u00eda es nuestra referencia en t\u00e9cnica avanzada y creaci\u00f3n coreogr\u00e1fica. Su energ\u00eda y capacidad para motivar incluso a los patinadores m\u00e1s exigentes son su marca personal.<\/p>\t\t\t\t\t\t\t\t<\/div>\n\t\t\t\t<\/div>\n\t\t\t\t<\/div>\n\t\t<div class=\"elementor-element elementor-element-26e17da e-con-full e-flex e-con e-child\" data-id=\"26e17da\" data-element_type=\"container\">\n\t\t\t\t<div class=\"elementor-element elementor-element-15923d6 elementor-widget elementor-widget-image\" data-id=\"15923d6\" data-element_type=\"widget\" data-widget_type=\"image.default\">\n\t\t\t\t<div class=\"elementor-widget-container\">\n\t\t\t\t\t\t\t\t\t\t\t\t\t\t\t<img decoding=\"async\" src=\"https:\/\/clubpatinatgebadalona.com\/wp-content\/plugins\/elementor\/assets\/images\/placeholder.png\" title=\"\" alt=\"\" loading=\"lazy\" \/>\t\t\t\t\t\t\t\t\t\t\t\t\t\t\t<\/div>\n\t\t\t\t<\/div>\n\t\t\t\t<div class=\"elementor-element elementor-element-a4b9012 elementor-widget elementor-widget-heading\" data-id=\"a4b9012\" data-element_type=\"widget\" data-widget_type=\"heading.default\">\n\t\t\t\t<div class=\"elementor-widget-container\">\n\t\t\t\t\t<h2 class=\"elementor-heading-title elementor-size-default\">Paula<\/h2>\t\t\t\t<\/div>\n\t\t\t\t<\/div>\n\t\t\t\t<div class=\"elementor-element elementor-element-0a5cb17 elementor-widget elementor-widget-text-editor\" data-id=\"0a5cb17\" data-element_type=\"widget\" data-widget_type=\"text-editor.default\">\n\t\t\t\t<div class=\"elementor-widget-container\">\n\t\t\t\t\t\t\t\t\t<p>Paula destaca por su habilidad en la expresi\u00f3n art\u00edstica y la preparaci\u00f3n f\u00edsica. Ayuda a los patinadores a fusionar la t\u00e9cnica con la sensibilidad musical, transformando cada actuaci\u00f3n en una historia sobre ruedas.<\/p>\t\t\t\t\t\t\t\t<\/div>\n\t\t\t\t<\/div>\n\t\t\t\t<\/div>\n\t\t<div class=\"elementor-element elementor-element-c9b4724 e-con-full e-flex e-con e-child\" data-id=\"c9b4724\" data-element_type=\"container\">\n\t\t\t\t<div class=\"elementor-element elementor-element-543726f elementor-widget elementor-widget-image\" data-id=\"543726f\" data-element_type=\"widget\" data-widget_type=\"image.default\">\n\t\t\t\t<div class=\"elementor-widget-container\">\n\t\t\t\t\t\t\t\t\t\t\t\t\t\t\t<img decoding=\"async\" src=\"https:\/\/clubpatinatgebadalona.com\/wp-content\/plugins\/elementor\/assets\/images\/placeholder.png\" title=\"\" alt=\"\" loading=\"lazy\" \/>\t\t\t\t\t\t\t\t\t\t\t\t\t\t\t<\/div>\n\t\t\t\t<\/div>\n\t\t\t\t<div class=\"elementor-element elementor-element-f43892d elementor-widget elementor-widget-heading\" data-id=\"f43892d\" data-element_type=\"widget\" data-widget_type=\"heading.default\">\n\t\t\t\t<div class=\"elementor-widget-container\">\n\t\t\t\t\t<h2 class=\"elementor-heading-title elementor-size-default\">Carla i. Manuela<\/h2>\t\t\t\t<\/div>\n\t\t\t\t<\/div>\n\t\t\t\t<div class=\"elementor-element elementor-element-ecf8cc9 elementor-widget elementor-widget-text-editor\" data-id=\"ecf8cc9\" data-element_type=\"widget\" data-widget_type=\"text-editor.default\">\n\t\t\t\t<div class=\"elementor-widget-container\">\n\t\t\t\t\t\t\t\t\t<p>Creatividad y Coreograf\u00eda. Ellas son el alma de nuestros espectaculares bailes de grupo.<\/p>\t\t\t\t\t\t\t\t<\/div>\n\t\t\t\t<\/div>\n\t\t\t\t<\/div>\n\t\t\t\t\t<\/div>\n\t\t\t\t<\/div>\n\t\t<div class=\"elementor-element elementor-element-6c9093a e-flex e-con-boxed e-con e-parent\" data-id=\"6c9093a\" data-element_type=\"container\">\n\t\t\t\t\t<div class=\"e-con-inner\">\n\t\t<div class=\"elementor-element elementor-element-1d680b1 e-con-full e-flex e-con e-child\" data-id=\"1d680b1\" data-element_type=\"container\">\n\t\t\t\t<div class=\"elementor-element elementor-element-a7dbe17 elementor-widget elementor-widget-image\" data-id=\"a7dbe17\" data-element_type=\"widget\" data-widget_type=\"image.default\">\n\t\t\t\t<div class=\"elementor-widget-container\">\n\t\t\t\t\t\t\t\t\t\t\t\t\t\t\t<img fetchpriority=\"high\" decoding=\"async\" width=\"800\" height=\"800\" src=\"https:\/\/clubpatinatgebadalona.com\/wp-content\/uploads\/2025\/06\/patinatge_badalona_escoleta_de_6-a-8-anys-1024x1024.jpg\" class=\"attachment-large size-large wp-image-112\" alt=\"patinatge extraescolar Badalona\" srcset=\"https:\/\/clubpatinatgebadalona.com\/wp-content\/uploads\/2025\/06\/patinatge_badalona_escoleta_de_6-a-8-anys-1024x1024.jpg 1024w, https:\/\/clubpatinatgebadalona.com\/wp-content\/uploads\/2025\/06\/patinatge_badalona_escoleta_de_6-a-8-anys-300x300.jpg 300w, https:\/\/clubpatinatgebadalona.com\/wp-content\/uploads\/2025\/06\/patinatge_badalona_escoleta_de_6-a-8-anys-150x150.jpg 150w, https:\/\/clubpatinatgebadalona.com\/wp-content\/uploads\/2025\/06\/patinatge_badalona_escoleta_de_6-a-8-anys-768x768.jpg 768w, https:\/\/clubpatinatgebadalona.com\/wp-content\/uploads\/2025\/06\/patinatge_badalona_escoleta_de_6-a-8-anys.jpg 1080w\" sizes=\"(max-width: 800px) 100vw, 800px\" \/>\t\t\t\t\t\t\t\t\t\t\t\t\t\t\t<\/div>\n\t\t\t\t<\/div>\n\t\t\t\t<\/div>\n\t\t<div class=\"elementor-element elementor-element-5158824 e-con-full e-flex e-con e-child\" data-id=\"5158824\" data-element_type=\"container\">\n\t\t\t\t<div class=\"elementor-element elementor-element-3f7304a elementor-widget elementor-widget-heading\" data-id=\"3f7304a\" data-element_type=\"widget\" data-widget_type=\"heading.default\">\n\t\t\t\t<div class=\"elementor-widget-container\">\n\t\t\t\t\t<h2 class=\"elementor-heading-title elementor-size-default\">Una Ense\u00f1anza que Fomenta el Crecimiento Integral<\/h2>\t\t\t\t<\/div>\n\t\t\t\t<\/div>\n\t\t\t\t<div class=\"elementor-element elementor-element-4afce5d elementor-widget elementor-widget-text-editor\" data-id=\"4afce5d\" data-element_type=\"widget\" data-widget_type=\"text-editor.default\">\n\t\t\t\t<div class=\"elementor-widget-container\">\n\t\t\t\t\t\t\t\t\t<p class=\"translation-block\">En el Club Patinaje Badalona, nuestro equipo de entrenadoras no solo ense\u00f1a a patinar, sino que forma personas. Nuestra metodolog\u00eda se basa en la combinaci\u00f3n de un rigor t\u00e9cnico adaptado a cada etapa con un enfoque l\u00fadico y personalizado. Fomentamos la autonom\u00eda, la resiliencia y el amor por el deporte, creando un ambiente de confianza donde cada alumno se siente seguro para experimentar, superarse y celebrar cada peque\u00f1o y gran logro. A trav\u00e9s del patinaje art\u00edstico, educamos en valores esenciales para la vida.<\/p>\t\t\t\t\t\t\t\t<\/div>\n\t\t\t\t<\/div>\n\t\t\t\t<\/div>\n\t\t\t\t\t<\/div>\n\t\t\t\t<\/div>\n\t\t\t\t<\/div>","protected":false},"excerpt":{"rendered":"<p>Cor i \u00c0nima del Patinatge Art\u00edstic a Badalona Al Club Patinatge Badalona, sabem que l&#8217;excel\u00b7l\u00e8ncia en el patinatge art\u00edstic rau en les mans que guien i inspiren. El nostre equip d&#8217;entrenadores \u00e9s el veritable motor que impulsa cada patinador i patinadora cap als seus somnis i metes. S\u00f3n dones amb una profunda passi\u00f3, una paci\u00e8ncia [&hellip;]<\/p>","protected":false},"author":1,"featured_media":48,"parent":0,"menu_order":0,"comment_status":"closed","ping_status":"closed","template":"elementor_header_footer","meta":{"footnotes":""},"class_list":["post-203","page","type-page","status-publish","has-post-thumbnail","hentry"],"yoast_head":"<!-- This site is optimized with the Yoast SEO plugin v26.3 - https:\/\/yoast.com\/wordpress\/plugins\/seo\/ -->\n<title>Entrenadores Club Patinatge Badalona | El Nostre Equip Professional - clubpatinatgebadalona.com<\/title>\n<meta name=\"description\" content=\"Coneix les entrenadores del Club Patinatge Badalona. Professionals apassionades i experimentades que guien els nostres patinadors amb una metodologia \u00fanica i dedicaci\u00f3 total.\" \/>\n<meta name=\"robots\" content=\"index, follow, max-snippet:-1, max-image-preview:large, max-video-preview:-1\" \/>\n<link rel=\"canonical\" href=\"https:\/\/clubpatinatgebadalona.com\/es\/entrenadores-club-patinatge-badalona-el-nostre-equip-professional\/\" \/>\n<meta property=\"og:locale\" content=\"es_ES\" \/>\n<meta property=\"og:type\" content=\"article\" \/>\n<meta property=\"og:title\" content=\"Entrenadores Club Patinatge Badalona | El Nostre Equip Professional - clubpatinatgebadalona.com\" \/>\n<meta property=\"og:description\" content=\"Coneix les entrenadores del Club Patinatge Badalona. Professionals apassionades i experimentades que guien els nostres patinadors amb una metodologia \u00fanica i dedicaci\u00f3 total.\" \/>\n<meta property=\"og:url\" content=\"https:\/\/clubpatinatgebadalona.com\/es\/entrenadores-club-patinatge-badalona-el-nostre-equip-professional\/\" \/>\n<meta property=\"og:site_name\" content=\"clubpatinatgebadalona.com\" \/>\n<meta property=\"article:publisher\" content=\"https:\/\/www.facebook.com\/PatinatgeBadalona\" \/>\n<meta property=\"article:modified_time\" content=\"2025-06-23T00:57:41+00:00\" \/>\n<meta property=\"og:image\" content=\"https:\/\/clubpatinatgebadalona.com\/wp-content\/uploads\/2025\/06\/club_patinatge_badalona_escoleta_de_6-a-8-anys.jpg\" \/>\n\t<meta property=\"og:image:width\" content=\"1080\" \/>\n\t<meta property=\"og:image:height\" content=\"1080\" \/>\n\t<meta property=\"og:image:type\" content=\"image\/jpeg\" \/>\n<meta name=\"twitter:card\" content=\"summary_large_image\" \/>\n<meta name=\"twitter:label1\" content=\"Tiempo de lectura\" \/>\n\t<meta name=\"twitter:data1\" content=\"3 minutos\" \/>\n<script type=\"application\/ld+json\" class=\"yoast-schema-graph\">{\"@context\":\"https:\/\/schema.org\",\"@graph\":[{\"@type\":\"WebPage\",\"@id\":\"https:\/\/clubpatinatgebadalona.com\/entrenadores-club-patinatge-badalona-el-nostre-equip-professional\/\",\"url\":\"https:\/\/clubpatinatgebadalona.com\/entrenadores-club-patinatge-badalona-el-nostre-equip-professional\/\",\"name\":\"Entrenadores Club Patinatge Badalona | El Nostre Equip Professional - clubpatinatgebadalona.com\",\"isPartOf\":{\"@id\":\"https:\/\/clubpatinatgebadalona.com\/#website\"},\"primaryImageOfPage\":{\"@id\":\"https:\/\/clubpatinatgebadalona.com\/entrenadores-club-patinatge-badalona-el-nostre-equip-professional\/#primaryimage\"},\"image\":{\"@id\":\"https:\/\/clubpatinatgebadalona.com\/entrenadores-club-patinatge-badalona-el-nostre-equip-professional\/#primaryimage\"},\"thumbnailUrl\":\"https:\/\/clubpatinatgebadalona.com\/wp-content\/uploads\/2025\/06\/club_patinatge_badalona_escoleta_de_6-a-8-anys.jpg\",\"datePublished\":\"2025-06-22T21:04:13+00:00\",\"dateModified\":\"2025-06-23T00:57:41+00:00\",\"description\":\"Coneix les entrenadores del Club Patinatge Badalona. Professionals apassionades i experimentades que guien els nostres patinadors amb una metodologia \u00fanica i dedicaci\u00f3 total.\",\"breadcrumb\":{\"@id\":\"https:\/\/clubpatinatgebadalona.com\/entrenadores-club-patinatge-badalona-el-nostre-equip-professional\/#breadcrumb\"},\"inLanguage\":\"es\",\"potentialAction\":[{\"@type\":\"ReadAction\",\"target\":[\"https:\/\/clubpatinatgebadalona.com\/entrenadores-club-patinatge-badalona-el-nostre-equip-professional\/\"]}]},{\"@type\":\"ImageObject\",\"inLanguage\":\"es\",\"@id\":\"https:\/\/clubpatinatgebadalona.com\/entrenadores-club-patinatge-badalona-el-nostre-equip-professional\/#primaryimage\",\"url\":\"https:\/\/clubpatinatgebadalona.com\/wp-content\/uploads\/2025\/06\/club_patinatge_badalona_escoleta_de_6-a-8-anys.jpg\",\"contentUrl\":\"https:\/\/clubpatinatgebadalona.com\/wp-content\/uploads\/2025\/06\/club_patinatge_badalona_escoleta_de_6-a-8-anys.jpg\",\"width\":1080,\"height\":1080,\"caption\":\"Club Patinatge Badalona \/ Escoleta de 6 a 8 anys\"},{\"@type\":\"BreadcrumbList\",\"@id\":\"https:\/\/clubpatinatgebadalona.com\/entrenadores-club-patinatge-badalona-el-nostre-equip-professional\/#breadcrumb\",\"itemListElement\":[{\"@type\":\"ListItem\",\"position\":1,\"name\":\"Portada\",\"item\":\"https:\/\/clubpatinatgebadalona.com\/\"},{\"@type\":\"ListItem\",\"position\":2,\"name\":\"Entrenadores Club Patinatge Badalona | El Nostre Equip Professional\"}]},{\"@type\":\"WebSite\",\"@id\":\"https:\/\/clubpatinatgebadalona.com\/#website\",\"url\":\"https:\/\/clubpatinatgebadalona.com\/\",\"name\":\"clubpatinatgebadalona.com\",\"description\":\"\",\"publisher\":{\"@id\":\"https:\/\/clubpatinatgebadalona.com\/#organization\"},\"potentialAction\":[{\"@type\":\"SearchAction\",\"target\":{\"@type\":\"EntryPoint\",\"urlTemplate\":\"https:\/\/clubpatinatgebadalona.com\/?s={search_term_string}\"},\"query-input\":{\"@type\":\"PropertyValueSpecification\",\"valueRequired\":true,\"valueName\":\"search_term_string\"}}],\"inLanguage\":\"es\"},{\"@type\":\"Organization\",\"@id\":\"https:\/\/clubpatinatgebadalona.com\/#organization\",\"name\":\"Club Patinatge Art\u00edstic Badalona\",\"url\":\"https:\/\/clubpatinatgebadalona.com\/\",\"logo\":{\"@type\":\"ImageObject\",\"inLanguage\":\"es\",\"@id\":\"https:\/\/clubpatinatgebadalona.com\/#\/schema\/logo\/image\/\",\"url\":\"https:\/\/clubpatinatgebadalona.com\/wp-content\/uploads\/2025\/06\/favicon_club_patinatge_Badalona.jpg\",\"contentUrl\":\"https:\/\/clubpatinatgebadalona.com\/wp-content\/uploads\/2025\/06\/favicon_club_patinatge_Badalona.jpg\",\"width\":200,\"height\":200,\"caption\":\"Club Patinatge Art\u00edstic Badalona\"},\"image\":{\"@id\":\"https:\/\/clubpatinatgebadalona.com\/#\/schema\/logo\/image\/\"},\"sameAs\":[\"https:\/\/www.facebook.com\/PatinatgeBadalona\",\"https:\/\/www.instagram.com\/cpabdn\/\"]}]}<\/script>\n<!-- \/ Yoast SEO plugin. -->","yoast_head_json":{"title":"Entrenadores Club Patinatge Badalona | El Nostre Equip Professional - clubpatinatgebadalona.com","description":"Coneix les entrenadores del Club Patinatge Badalona. Professionals apassionades i experimentades que guien els nostres patinadors amb una metodologia \u00fanica i dedicaci\u00f3 total.","robots":{"index":"index","follow":"follow","max-snippet":"max-snippet:-1","max-image-preview":"max-image-preview:large","max-video-preview":"max-video-preview:-1"},"canonical":"https:\/\/clubpatinatgebadalona.com\/es\/entrenadores-club-patinatge-badalona-el-nostre-equip-professional\/","og_locale":"es_ES","og_type":"article","og_title":"Entrenadores Club Patinatge Badalona | El Nostre Equip Professional - clubpatinatgebadalona.com","og_description":"Coneix les entrenadores del Club Patinatge Badalona. Professionals apassionades i experimentades que guien els nostres patinadors amb una metodologia \u00fanica i dedicaci\u00f3 total.","og_url":"https:\/\/clubpatinatgebadalona.com\/es\/entrenadores-club-patinatge-badalona-el-nostre-equip-professional\/","og_site_name":"clubpatinatgebadalona.com","article_publisher":"https:\/\/www.facebook.com\/PatinatgeBadalona","article_modified_time":"2025-06-23T00:57:41+00:00","og_image":[{"width":1080,"height":1080,"url":"https:\/\/clubpatinatgebadalona.com\/wp-content\/uploads\/2025\/06\/club_patinatge_badalona_escoleta_de_6-a-8-anys.jpg","type":"image\/jpeg"}],"twitter_card":"summary_large_image","twitter_misc":{"Tiempo de lectura":"3 minutos"},"schema":{"@context":"https:\/\/schema.org","@graph":[{"@type":"WebPage","@id":"https:\/\/clubpatinatgebadalona.com\/entrenadores-club-patinatge-badalona-el-nostre-equip-professional\/","url":"https:\/\/clubpatinatgebadalona.com\/entrenadores-club-patinatge-badalona-el-nostre-equip-professional\/","name":"Entrenadores Club Patinatge Badalona | El Nostre Equip Professional - clubpatinatgebadalona.com","isPartOf":{"@id":"https:\/\/clubpatinatgebadalona.com\/#website"},"primaryImageOfPage":{"@id":"https:\/\/clubpatinatgebadalona.com\/entrenadores-club-patinatge-badalona-el-nostre-equip-professional\/#primaryimage"},"image":{"@id":"https:\/\/clubpatinatgebadalona.com\/entrenadores-club-patinatge-badalona-el-nostre-equip-professional\/#primaryimage"},"thumbnailUrl":"https:\/\/clubpatinatgebadalona.com\/wp-content\/uploads\/2025\/06\/club_patinatge_badalona_escoleta_de_6-a-8-anys.jpg","datePublished":"2025-06-22T21:04:13+00:00","dateModified":"2025-06-23T00:57:41+00:00","description":"Coneix les entrenadores del Club Patinatge Badalona. Professionals apassionades i experimentades que guien els nostres patinadors amb una metodologia \u00fanica i dedicaci\u00f3 total.","breadcrumb":{"@id":"https:\/\/clubpatinatgebadalona.com\/entrenadores-club-patinatge-badalona-el-nostre-equip-professional\/#breadcrumb"},"inLanguage":"es","potentialAction":[{"@type":"ReadAction","target":["https:\/\/clubpatinatgebadalona.com\/entrenadores-club-patinatge-badalona-el-nostre-equip-professional\/"]}]},{"@type":"ImageObject","inLanguage":"es","@id":"https:\/\/clubpatinatgebadalona.com\/entrenadores-club-patinatge-badalona-el-nostre-equip-professional\/#primaryimage","url":"https:\/\/clubpatinatgebadalona.com\/wp-content\/uploads\/2025\/06\/club_patinatge_badalona_escoleta_de_6-a-8-anys.jpg","contentUrl":"https:\/\/clubpatinatgebadalona.com\/wp-content\/uploads\/2025\/06\/club_patinatge_badalona_escoleta_de_6-a-8-anys.jpg","width":1080,"height":1080,"caption":"Club Patinatge Badalona \/ Escoleta de 6 a 8 anys"},{"@type":"BreadcrumbList","@id":"https:\/\/clubpatinatgebadalona.com\/entrenadores-club-patinatge-badalona-el-nostre-equip-professional\/#breadcrumb","itemListElement":[{"@type":"ListItem","position":1,"name":"Portada","item":"https:\/\/clubpatinatgebadalona.com\/"},{"@type":"ListItem","position":2,"name":"Entrenadores Club Patinatge Badalona | El Nostre Equip Professional"}]},{"@type":"WebSite","@id":"https:\/\/clubpatinatgebadalona.com\/#website","url":"https:\/\/clubpatinatgebadalona.com\/","name":"clubpatinatgebadalona.com","description":"","publisher":{"@id":"https:\/\/clubpatinatgebadalona.com\/#organization"},"potentialAction":[{"@type":"SearchAction","target":{"@type":"EntryPoint","urlTemplate":"https:\/\/clubpatinatgebadalona.com\/?s={search_term_string}"},"query-input":{"@type":"PropertyValueSpecification","valueRequired":true,"valueName":"search_term_string"}}],"inLanguage":"es"},{"@type":"Organization","@id":"https:\/\/clubpatinatgebadalona.com\/#organization","name":"Club Patinatge Art\u00edstic Badalona","url":"https:\/\/clubpatinatgebadalona.com\/","logo":{"@type":"ImageObject","inLanguage":"es","@id":"https:\/\/clubpatinatgebadalona.com\/#\/schema\/logo\/image\/","url":"https:\/\/clubpatinatgebadalona.com\/wp-content\/uploads\/2025\/06\/favicon_club_patinatge_Badalona.jpg","contentUrl":"https:\/\/clubpatinatgebadalona.com\/wp-content\/uploads\/2025\/06\/favicon_club_patinatge_Badalona.jpg","width":200,"height":200,"caption":"Club Patinatge Art\u00edstic Badalona"},"image":{"@id":"https:\/\/clubpatinatgebadalona.com\/#\/schema\/logo\/image\/"},"sameAs":["https:\/\/www.facebook.com\/PatinatgeBadalona","https:\/\/www.instagram.com\/cpabdn\/"]}]}},"_links":{"self":[{"href":"https:\/\/clubpatinatgebadalona.com\/es\/wp-json\/wp\/v2\/pages\/203","targetHints":{"allow":["GET"]}}],"collection":[{"href":"https:\/\/clubpatinatgebadalona.com\/es\/wp-json\/wp\/v2\/pages"}],"about":[{"href":"https:\/\/clubpatinatgebadalona.com\/es\/wp-json\/wp\/v2\/types\/page"}],"author":[{"embeddable":true,"href":"https:\/\/clubpatinatgebadalona.com\/es\/wp-json\/wp\/v2\/users\/1"}],"replies":[{"embeddable":true,"href":"https:\/\/clubpatinatgebadalona.com\/es\/wp-json\/wp\/v2\/comments?post=203"}],"version-history":[{"count":10,"href":"https:\/\/clubpatinatgebadalona.com\/es\/wp-json\/wp\/v2\/pages\/203\/revisions"}],"predecessor-version":[{"id":316,"href":"https:\/\/clubpatinatgebadalona.com\/es\/wp-json\/wp\/v2\/pages\/203\/revisions\/316"}],"wp:featuredmedia":[{"embeddable":true,"href":"https:\/\/clubpatinatgebadalona.com\/es\/wp-json\/wp\/v2\/media\/48"}],"wp:attachment":[{"href":"https:\/\/clubpatinatgebadalona.com\/es\/wp-json\/wp\/v2\/media?parent=203"}],"curies":[{"name":"wp","href":"https:\/\/api.w.org\/{rel}","templated":true}]}}